{"id":51318,"date":"2025-11-05T12:49:03","date_gmt":"2025-11-05T12:49:03","guid":{"rendered":"https:\/\/c-solar.es\/contacteu-amb-nosaltres\/"},"modified":"2025-11-10T14:36:13","modified_gmt":"2025-11-10T14:36:13","slug":"contacteu-amb-nosaltres","status":"publish","type":"page","link":"https:\/\/c-solar.es\/ca\/contacteu-amb-nosaltres\/","title":{"rendered":"Contacteu amb nosaltres"},"content":{"rendered":"\n<div class=\"gbp-section gb-element-f32e7e54\" id=\"contacto\">\n<div class=\"gbp-section__inner gb-element-91bb9b84\">\n<div class=\"gb-element-24a72428\">\n<div>\n<p class=\"gb-text gb-text-e92e1187\"><br><strong>Necessiteu m\u00e9s informaci\u00f3 o assessorament t\u00e8cnic?<\/strong><br>Contacteu amb <strong>C-Solar<\/strong> i el nostre equip respondr\u00e0 a les vostres consultes o us orientar\u00e0 sobre la millor soluci\u00f3 per al vostre projecte. Tamb\u00e9 podem preparar un <strong>pressupost personalitzat sense comprom\u00eds<\/strong>.<\/p>\n\n\n\n<figure class=\"wp-block-image size-large is-resized\"><img loading=\"lazy\" decoding=\"async\" width=\"499\" height=\"147\" src=\"https:\/\/csolar.rootsons.com\/wp-content\/uploads\/2025\/06\/csolar-black.svg\" alt=\"\" class=\"wp-image-49751\" style=\"width:auto;height:48px\"\/><\/figure>\n\n\n\n<p class=\"gb-text gb-text-ccd17b5d\"><a href=\"mailto:info@c-solar.es\">info@c-solar.es<\/a><\/p>\n\n\n\n<p class=\"gb-text gbp-section__text--sm gb-text-e410e468\"><strong>F\u00e0briques &amp; Oficines Centrals<\/strong> <strong>(Espanya)<\/strong><br>Pol\u00edgon Ind. Mol\u00ed d\u2019en Xec, Nau 2 \u2013<br>08291 Ripollet, Barcelona, Espanya<br><a href=\"tel:+34935272760\">+34 935 272 760<\/a><\/p>\n\n\n\n<p class=\"gb-text gbp-section__text--sm gb-text-a470499e\"><strong>Oficines &amp; Distribuci\u00f3 (Xile)<\/strong><br>Puerta del Sol 55,<br>Las Condes, Santiago, Xile<br><a href=\"mailto:info@c-solar.es\"><\/a><a href=\"tel:+56229797720\">+56 22979 7720<\/a> | <a href=\"tel:+56996986722\">+56 99698 6722<\/a><\/p>\n\n\n\n<p class=\"gb-text gbp-section__text--sm gb-text-0c11dba3\"><strong>F\u00e0briques &amp; Oficines Distribuci\u00f3 LATAM<\/strong> <strong>(Argentina)<\/strong><br>Alexander Fleming 46 1r Pis,<br>M5577 Rivadavia, Mendoza, Argentina<br><a href=\"mailto:info@c-solar.es\"><\/a><a href=\"tel:+5492634793912\">+54 9 263 479-3912<\/a><\/p>\n<\/div>\n\n\n\n<div class=\"gb-element-72ebc597\"><div class='fluentform ff-default fluentform_wrapper_4  ff_guten_block ff_guten_block-4 ffs_custom_wrap'><form data-form_id=\"4\" id=\"fluentform_4\" class=\"frm-fluent-form fluent_form_4 ff-el-form-top ff_form_instance_4_1 ff-form-loading ffs_custom\" data-form_instance=\"ff_form_instance_4_1\" method=\"POST\" ><fieldset  style=\"border: none!important;margin: 0!important;padding: 0!important;background-color: transparent!important;box-shadow: none!important;outline: none!important; min-inline-size: 100%;\">\n                    <legend class=\"ff_screen_reader_title\" style=\"display: block; margin: 0!important;padding: 0!important;height: 0!important;text-indent: -999999px;width: 0!important;overflow:hidden;\">Solicitar Presupuesto<\/legend>        <div\n                style=\"display: none!important; position: absolute!important; transform: translateX(1000%)!important;\"\n                class=\"ff-el-group ff-hpsf-container\"\n        >\n            <div class=\"ff-el-input--label asterisk-right\">\n                <label for=\"ff_4_item_sf\" aria-label=\"Updates\">\n                    Updates                <\/label>\n            <\/div>\n            <div class=\"ff-el-input--content\">\n                <input type=\"text\"\n                       name=\"item_4__fluent_sf\"\n                       class=\"ff-el-form-control\"\n                       id=\"ff_4_item_sf\"\n                \/>\n            <\/div>\n        <\/div>\n                <input type=\"hidden\" id=\"__fluent_protection_token_4\" class=\"fluent-form-token-field\" name=\"__fluent_protection_token_4\">\n        <input type='hidden' name='__fluent_form_embded_post_id' value='51318' \/><input type=\"hidden\" id=\"_fluentform_4_fluentformnonce\" name=\"_fluentform_4_fluentformnonce\" value=\"98236fdb5a\" \/><input type=\"hidden\" name=\"_wp_http_referer\" value=\"\/ca\/wp-json\/wp\/v2\/pages\/51318\" \/><div data-type=\"name-element\" data-name=\"names\" class=\" ff-field_container ff-name-field-wrapper\" ><div class='ff-t-container'><div class='ff-t-cell '><div class='ff-el-group ff-el-form-top'><div class=\"ff-el-input--label ff-el-is-required asterisk-right\"><label for='ff_4_names_first_name_' id='label_ff_4_names_first_name_' >Nom<\/label><\/div><div class='ff-el-input--content'><input type=\"text\" name=\"names[first_name]\" id=\"ff_4_names_first_name_\" class=\"ff-el-form-control\" placeholder=\"Introdueix el teu nom\" aria-invalid=\"false\" aria-required=true><\/div><\/div><\/div><div class='ff-t-cell '><div class='ff-el-group ff-el-form-top'><div class=\"ff-el-input--label asterisk-right\"><label for='ff_4_names_last_name_' id='label_ff_4_names_last_name_' >Cognoms<\/label><\/div><div class='ff-el-input--content'><input type=\"text\" name=\"names[last_name]\" id=\"ff_4_names_last_name_\" class=\"ff-el-form-control\" placeholder=\"Introdueix els teus cognoms\" aria-invalid=\"false\" aria-required=false><\/div><\/div><\/div><\/div><\/div><div data-name=\"ff_cn_id_1\"  class='ff-t-container ff-column-container ff_columns_total_2 '><div class='ff-t-cell ff-t-column-1' style='flex-basis: 50%;'><div class='ff-el-group'><div class=\"ff-el-input--label ff-el-is-required asterisk-right\"><label for='ff_4_correo_electronico' id='label_ff_4_correo_electronico' aria-label=\"Correu electr\u00f2nic\">Correu electr\u00f2nic<\/label><\/div><div class='ff-el-input--content'><input type=\"email\" name=\"correo_electronico\" id=\"ff_4_correo_electronico\" class=\"ff-el-form-control\" placeholder=\"El teu correu electr\u00f2nic\" data-name=\"correo_electronico\"  aria-invalid=\"false\" aria-required=true><\/div><\/div><\/div><div class='ff-t-cell ff-t-column-2' style='flex-basis: 50%;'><div class='ff-el-group'><div class=\"ff-el-input--label ff-el-is-required asterisk-right\"><label for='ff_4_telefono' id='label_ff_4_telefono' aria-label=\"Tel\u00e8fon\">Tel\u00e8fon<\/label><\/div><div class='ff-el-input--content'><input name=\"telefono\" class=\"ff-el-form-control ff-el-phone\" type=\"tel\" placeholder=\"El teu n\u00famero de tel\u00e8fon\" data-name=\"telefono\" id=\"ff_4_telefono\" inputmode=\"tel\"  aria-invalid='false' aria-required=true><\/div><\/div><\/div><\/div><div data-name=\"ff_cn_id_2\"  class='ff-t-container ff-column-container ff_columns_total_2 '><div class='ff-t-cell ff-t-column-1' style='flex-basis: 50%;'><div class='ff-el-group'><div class=\"ff-el-input--label asterisk-right\"><label for='ff_4_empresa' id='label_ff_4_empresa' aria-label=\"Empresa\">Empresa<\/label><\/div><div class='ff-el-input--content'><input type=\"text\" name=\"empresa\" class=\"ff-el-form-control\" placeholder=\"Nom de l&#039;empresa\" data-name=\"empresa\" id=\"ff_4_empresa\"  aria-invalid=\"false\" aria-required=false><\/div><\/div><\/div><div class='ff-t-cell ff-t-column-2' style='flex-basis: 50%;'><div class='ff-el-group'><div class=\"ff-el-input--label asterisk-right\"><label for='ff_4_cargo' id='label_ff_4_cargo' aria-label=\"C\u00e0rrec\">C\u00e0rrec<\/label><\/div><div class='ff-el-input--content'><input type=\"text\" name=\"cargo\" class=\"ff-el-form-control\" placeholder=\"El teu c\u00e0rrec\" data-name=\"cargo\" id=\"ff_4_cargo\"  aria-invalid=\"false\" aria-required=false><\/div><\/div><\/div><\/div><div class='ff-el-group'><div class=\"ff-el-input--label ff-el-is-required asterisk-right\"><label for='ff_4_asunto' id='label_ff_4_asunto' aria-label=\"Assumpte\">Assumpte<\/label><\/div><div class='ff-el-input--content'><input type=\"text\" name=\"asunto\" class=\"ff-el-form-control\" placeholder=\"Assumpte\" data-name=\"asunto\" id=\"ff_4_asunto\"  aria-invalid=\"false\" aria-required=true><\/div><\/div><div class='ff-el-group'><div class=\"ff-el-input--label ff-el-is-required asterisk-right\"><label for='ff_4_tu_mensaje' id='label_ff_4_tu_mensaje' aria-label=\"El teu missatge\">El teu missatge<\/label><\/div><div class='ff-el-input--content'><textarea aria-required=\"true\" aria-labelledby=\"label_ff_4_tu_mensaje\" name=\"tu_mensaje\" id=\"ff_4_tu_mensaje\" class=\"ff-el-form-control\" placeholder=\"Escriu el teu missatge\" rows=\"3\" cols=\"2\" data-name=\"tu_mensaje\" ><\/textarea><\/div><\/div><div class='ff-el-group'><div class=\"ff-el-input--label asterisk-right\"><label for='ff_4_archivos_adjuntos_1' id='label_ff_4_archivos_adjuntos_1' aria-label=\"Adjuntar fitxers\">Adjuntar fitxers<\/label><\/div><div class='ff-el-input--content'><label for='ff_4_archivos_adjuntos_1' class='ff_file_upload_holder'><span class='ff_upload_btn ff-btn' tabindex='0'>Seleccionar Fitxer<\/span> <input type=\"file\" name=\"archivos_adjuntos\" id=\"ff_4_archivos_adjuntos_1\" class=\"ff-el-form-control  ff-screen-reader-element\" data-name=\"archivos_adjuntos\" multiple=\"1\"  aria-invalid='false' aria-required=false><\/label><\/div><\/div><div class='ff-el-group    ff-el-input--content'><div class='ff-el-form-check ff-el-tc'><label aria-label='Terms and Conditions: He llegit i accepto la Pol\u00edtica de Privadesa . Contains 1 link. Use tab navigation to review.' class='ff-el-form-check-label ff_tc_label' for=terms-n-condition_0f1eb3389c1192b96311c6ccac63d153><span class='ff_tc_checkbox'><input type=\"checkbox\" name=\"terms-n-condition\" class=\"ff-el-form-check-input\" data-name=\"terms-n-condition\" id=\"terms-n-condition_0f1eb3389c1192b96311c6ccac63d153\"  value='on' aria-invalid='false' aria-required=true><\/span> <div class='ff_t_c'><p>He llegit i accepto la <u><a class=\"lawwwing-document-open priv\" style=\"color: white\" href=\"#\" aria-label=\"Abrir la Pol\u00edtica de Privacidad en una ventana emergente\">Pol\u00edtica de Privadesa<\/a> .<\/u><\/p><\/div><\/label><\/div><\/div><div class='ff-el-group ' ><div class='ff-el-input--content'><div data-fluent_id='4' name='g-recaptcha-response'><div\n\t\tdata-sitekey='6Ldb3ggsAAAAAN-A_Y3Xf-wyG7noMvDjS1Zef5-V'\n\t\tid='fluentform-recaptcha-4-1'\n\t\tclass='ff-el-recaptcha g-recaptcha'\n\t\tdata-callback='fluentFormrecaptchaSuccessCallback'><\/div><\/div><\/div><\/div><div class='ff-el-group ff-text-left ff_submit_btn_wrapper'><button type=\"submit\" class=\"ff-btn ff-btn-submit ff-btn-md gbp-button--tertiary ff_btn_no_style\"  aria-label=\"Sol\u00b7licitar Pressupost\">Sol\u00b7licitar Pressupost<\/button><\/div><\/fieldset><\/form><div id='fluentform_4_errors' class='ff-errors-in-stack ff_form_instance_4_1 ff-form-loading_errors ff_form_instance_4_1_errors'><\/div><\/div>            <script type=\"text\/javascript\">\n                window.fluent_form_ff_form_instance_4_1 = {\"id\":\"4\",\"ajaxUrl\":\"https:\\\/\\\/c-solar.es\\\/wp-admin\\\/admin-ajax.php\",\"settings\":{\"layout\":{\"labelPlacement\":\"top\",\"asteriskPlacement\":\"asterisk-right\",\"helpMessagePlacement\":\"with_label\",\"errorMessagePlacement\":\"inline\",\"cssClassName\":\"\"},\"restrictions\":{\"denyEmptySubmission\":{\"enabled\":false}}},\"form_instance\":\"ff_form_instance_4_1\",\"form_id_selector\":\"fluentform_4\",\"rules\":{\"names[first_name]\":{\"required\":{\"value\":true,\"message\":\"Este campo es obligatorio\",\"global_message\":\"Este campo es obligatorio\",\"global\":true}},\"names[middle_name]\":{\"required\":{\"value\":false,\"message\":\"Este campo es obligatorio\",\"global_message\":\"Este campo es obligatorio\",\"global\":true}},\"names[last_name]\":{\"required\":{\"value\":false,\"message\":\"Este campo es obligatorio\",\"global_message\":\"Este campo es obligatorio\",\"global\":true}},\"correo_electronico\":{\"required\":{\"value\":true,\"message\":\"Este campo es obligatorio\",\"global_message\":\"Este campo es obligatorio\",\"global\":true},\"email\":{\"value\":true,\"message\":\"Este campo debe contener un correo electr\\u00f3nico v\\u00e1lido\",\"global_message\":\"Este campo debe contener un correo electr\\u00f3nico v\\u00e1lido\",\"global\":true}},\"telefono\":{\"required\":{\"value\":true,\"global\":true,\"message\":\"Este campo es obligatorio\",\"global_message\":\"Este campo es obligatorio\"},\"valid_phone_number\":{\"value\":false,\"global\":true,\"message\":\"El n\\u00famero de tel\\u00e9fono no es v\\u00e1lido\",\"global_message\":\"El n\\u00famero de tel\\u00e9fono no es v\\u00e1lido \"}},\"empresa\":{\"required\":{\"value\":false,\"message\":\"Este campo es obligatorio\",\"global_message\":\"Este campo es obligatorio\",\"global\":true}},\"cargo\":{\"required\":{\"value\":false,\"message\":\"Este campo es obligatorio\",\"global_message\":\"Este campo es obligatorio\",\"global\":true}},\"asunto\":{\"required\":{\"value\":true,\"message\":\"Este campo es obligatorio\",\"global_message\":\"Este campo es obligatorio\",\"global\":true}},\"tu_mensaje\":{\"required\":{\"value\":true,\"message\":\"Este campo es obligatorio\",\"global_message\":\"Este campo es obligatorio\",\"global\":true}},\"archivos_adjuntos\":{\"required\":{\"value\":false,\"message\":\"Este campo es obligatorio\",\"global_message\":\"Este campo es obligatorio\",\"global\":true},\"max_file_size\":{\"value\":10485760,\"_valueFrom\":\"MB\",\"message\":\"La validaci\\u00f3n falla por el tama\\u00f1o m\\u00e1ximo de archivo\",\"global_message\":\"La validaci\\u00f3n falla por el tama\\u00f1o m\\u00e1ximo de archivo\",\"global\":true},\"max_file_count\":{\"value\":1,\"message\":\"La validaci\\u00f3n falla para el recuento m\\u00e1ximo de archivos\",\"global_message\":\"La validaci\\u00f3n falla para el recuento m\\u00e1ximo de archivos\",\"global\":true},\"allowed_file_types\":{\"value\":[\"pdf\",\"jpg\",\"png\",\"docx\",\"doc|ppt|pps|xls|mdb|docx|xlsx|pptx|odt|odp|ods|odg|odc|odb|odf|rtf|txt\",\"zip|gz|gzip|rar|7z\"],\"message\":\"Tipo de archivo no v\\u00e1lido\",\"global_message\":\"Tipo de archivo no v\\u00e1lido\",\"global\":true}},\"terms-n-condition\":{\"required\":{\"value\":true,\"message\":\"Este campo es obligatorio\",\"global_message\":\"Este campo es obligatorio\",\"global\":true}}},\"debounce_time\":300};\n                            <\/script>\n            <\/div>\n<\/div>\n<\/div>\n<\/div>\n","protected":false},"excerpt":{"rendered":"<p>Necessiteu m\u00e9s informaci\u00f3 o assessorament t\u00e8cnic?Contacteu amb C-Solar i el nostre equip respondr\u00e0 a les vostres consultes o us orientar\u00e0 sobre la millor soluci\u00f3 per al vostre projecte. Tamb\u00e9 podem preparar un pressupost personalitzat sense comprom\u00eds. info@c-solar.es F\u00e0briques &amp; Oficines Centrals (Espanya)Pol\u00edgon Ind. Mol\u00ed d\u2019en Xec, Nau 2 \u201308291 Ripollet, Barcelona, Espanya+34 935 272 760 &#8230; <a title=\"Contacteu amb nosaltres\" class=\"read-more\" href=\"https:\/\/c-solar.es\/ca\/contacteu-amb-nosaltres\/\" aria-label=\"M\u00e9s informaci\u00f3 sobre Contacteu amb nosaltres\">Llegir m\u00e9s<\/a><\/p>\n","protected":false},"author":1,"featured_media":0,"parent":0,"menu_order":0,"comment_status":"closed","ping_status":"closed","template":"","meta":{"_acf_changed":false,"_joinchat":[],"footnotes":""},"class_list":["post-51318","page","type-page","status-publish"],"acf":[],"_links":{"self":[{"href":"https:\/\/c-solar.es\/ca\/wp-json\/wp\/v2\/pages\/51318","targetHints":{"allow":["GET"]}}],"collection":[{"href":"https:\/\/c-solar.es\/ca\/wp-json\/wp\/v2\/pages"}],"about":[{"href":"https:\/\/c-solar.es\/ca\/wp-json\/wp\/v2\/types\/page"}],"author":[{"embeddable":true,"href":"https:\/\/c-solar.es\/ca\/wp-json\/wp\/v2\/users\/1"}],"replies":[{"embeddable":true,"href":"https:\/\/c-solar.es\/ca\/wp-json\/wp\/v2\/comments?post=51318"}],"version-history":[{"count":3,"href":"https:\/\/c-solar.es\/ca\/wp-json\/wp\/v2\/pages\/51318\/revisions"}],"predecessor-version":[{"id":51607,"href":"https:\/\/c-solar.es\/ca\/wp-json\/wp\/v2\/pages\/51318\/revisions\/51607"}],"wp:attachment":[{"href":"https:\/\/c-solar.es\/ca\/wp-json\/wp\/v2\/media?parent=51318"}],"curies":[{"name":"wp","href":"https:\/\/api.w.org\/{rel}","templated":true}]}}