{"id":50041,"date":"2025-10-07T14:25:29","date_gmt":"2025-10-07T14:25:29","guid":{"rendered":"https:\/\/c-solar.es\/?page_id=50041"},"modified":"2025-12-16T11:31:42","modified_gmt":"2025-12-16T11:31:42","slug":"declaracion-de-accesibilidad","status":"publish","type":"page","link":"https:\/\/c-solar.es\/en\/declaracion-de-accesibilidad\/","title":{"rendered":"Declaraci\u00f3n de Accesibilidad"},"content":{"rendered":"\n<div class=\"gbp-section gb-element-31c1bc7d\" id=\"nosotros\">\n<div class=\"gbp-section__inner gb-element-e4df4dfb\">\n<h1 class=\"gb-text gb-text-0df1bd04\">Declaraci\u00f3n de Accesibilidad<\/h1>\n<\/div>\n<\/div>\n\n\n\n<div class=\"gbp-section gb-element-1d5e5fb0\" id=\"nosotros\">\n<div class=\"gbp-section__inner gb-element-1d1d4899\">\n<p><strong>CERO METROS INGENIER\u00cdA S.L.<\/strong> se ha comprometido a hacer accesible su sitio web, de conformidad con el <strong>Real Decreto 1112\/2018<\/strong>, de 7 de septiembre, sobre accesibilidad de los sitios web y aplicaciones para dispositivos m\u00f3viles del sector p\u00fablico.<\/p>\n\n\n\n<p>Esta declaraci\u00f3n de accesibilidad se aplica al sitio web:<br><a href=\"https:\/\/c-solar.es\/\">https:\/\/c-solar.es\/<\/a><\/p>\n\n\n\n<p>Este sitio web <strong>es plenamente conforme con los criterios de accesibilidad de la norma UNE-EN 301549:2022<\/strong>, considerando las condiciones y limitaciones t\u00e9cnicas propias de su contenido.<\/p>\n\n\n\n<hr class=\"wp-block-separator has-alpha-channel-opacity\"\/>\n\n\n\n<h3 class=\"wp-block-heading\"><strong>Preparaci\u00f3n de la presente declaraci\u00f3n de accesibilidad<\/strong><\/h3>\n\n\n\n<p>Esta declaraci\u00f3n fue preparada el <strong>07\/10\/2025<\/strong>, mediante una <strong>autoevaluaci\u00f3n<\/strong> llevada a cabo por la propia organizaci\u00f3n.<br>\u00daltima revisi\u00f3n de la declaraci\u00f3n: <strong>07\/10\/2025<\/strong>.<\/p>\n\n\n\n<hr class=\"wp-block-separator has-alpha-channel-opacity\"\/>\n\n\n\n<h3 class=\"wp-block-heading\"><strong>Observaciones y datos de contacto<\/strong><\/h3>\n\n\n\n<p>Puede comunicar incidencias relacionadas con la accesibilidad de este sitio web (seg\u00fan el art\u00edculo 10.2.a del RD 1112\/2018), tales como:<\/p>\n\n\n\n<ul class=\"wp-block-list\">\n<li>Informar sobre cualquier posible incumplimiento por parte del sitio web.<\/li>\n\n\n\n<li>Transmitir otras dificultades de acceso al contenido.<\/li>\n\n\n\n<li>Formular consultas o sugerencias de mejora relativas a la accesibilidad.<\/li>\n<\/ul>\n\n\n\n<p>Puede hacerlo a trav\u00e9s del formulario de contacto disponible en la web o mediante:<\/p>\n\n\n\n<ul class=\"wp-block-list\">\n<li><strong>Correo electr\u00f3nico:<\/strong> <a>info@c-solar.es<\/a><\/li>\n<\/ul>\n\n\n\n<p>Tambi\u00e9n puede presentar:<\/p>\n\n\n\n<ul class=\"wp-block-list\">\n<li>Una queja relativa al cumplimiento de los requisitos del RD 1112\/2018.<\/li>\n\n\n\n<li>Una solicitud de informaci\u00f3n accesible sobre:\n<ul class=\"wp-block-list\">\n<li>Contenidos excluidos del \u00e1mbito de aplicaci\u00f3n del RD 1112\/2018.<\/li>\n\n\n\n<li>Contenidos exentos del cumplimiento de los requisitos de accesibilidad por imponer una carga desproporcionada.<\/li>\n<\/ul>\n<\/li>\n<\/ul>\n\n\n\n<p>En la solicitud deber\u00e1 especificar con claridad los hechos, razones y petici\u00f3n concreta que permitan verificar que se trata de una solicitud razonable y leg\u00edtima.<\/p>\n\n\n\n<hr class=\"wp-block-separator has-alpha-channel-opacity\"\/>\n\n\n\n<h3 class=\"wp-block-heading\"><strong>Procedimiento de aplicaci\u00f3n<\/strong><\/h3>\n\n\n\n<p>Si una solicitud o queja es desestimada, no se est\u00e1 de acuerdo con la decisi\u00f3n adoptada o no se ha obtenido respuesta en el plazo de <strong>veinte d\u00edas h\u00e1biles<\/strong>, la persona interesada podr\u00e1 presentar una reclamaci\u00f3n.<\/p>\n\n\n\n<p>Esta reclamaci\u00f3n puede presentarse a trav\u00e9s de la <strong>Instancia Gen\u00e9rica en la sede electr\u00f3nica del Ministerio de Asuntos Econ\u00f3micos y Transformaci\u00f3n Digital<\/strong>, o mediante cualquiera de los medios previstos en la <strong>Ley 39\/2015<\/strong>, del Procedimiento Administrativo Com\u00fan de las Administraciones P\u00fablicas.<\/p>\n\n\n\n<p>Las reclamaciones ser\u00e1n tratadas por la <strong>Subdirecci\u00f3n General de Inspecci\u00f3n de Servicios del Ministerio<\/strong>.<\/p>\n\n\n\n<hr class=\"wp-block-separator has-alpha-channel-opacity\"\/>\n\n\n\n<h3 class=\"wp-block-heading\"><strong>Contenido opcional<\/strong><\/h3>\n\n\n\n<p>Este portal est\u00e1 dise\u00f1ado para permitir cambiar el tama\u00f1o del texto y el color, as\u00ed como el fondo de la p\u00e1gina, utilizando las opciones est\u00e1ndar de los navegadores:<\/p>\n\n\n\n<p><strong>Cambiar el tama\u00f1o del texto<\/strong><\/p>\n\n\n\n<ul class=\"wp-block-list\">\n<li>Internet Explorer, Mozilla Firefox: <em>Ver &gt; Tama\u00f1o del texto<\/em><\/li>\n\n\n\n<li>Opera: <em>Ver &gt; Zoom<\/em><\/li>\n\n\n\n<li>Safari: <em>Ver &gt; Hacer el texto m\u00e1s grande<\/em><\/li>\n\n\n\n<li>Chrome: <em>Men\u00fa &gt; Tama\u00f1o del texto<\/em><\/li>\n<\/ul>\n\n\n\n<p><strong>Atajos de teclado:<\/strong><\/p>\n\n\n\n<ul class=\"wp-block-list\">\n<li><code>Ctrl<\/code> + <code>+<\/code> \u2192 Aumentar tama\u00f1o<\/li>\n\n\n\n<li><code>Ctrl<\/code> + <code>\u2013<\/code> \u2192 Disminuir tama\u00f1o<\/li>\n\n\n\n<li><code>Ctrl<\/code> + <code>0<\/code> \u2192 Restaurar tama\u00f1o original<\/li>\n<\/ul>\n\n\n\n<p>Para anular la hoja de estilos o modificar colores del texto, puede consultar esta gu\u00eda de la WAI traducida al espa\u00f1ol:<br> <a href=\"https:\/\/www.w3.org\/WAI\/changedesign\">\u00bfC\u00f3mo cambiar el tama\u00f1o del texto o colores?<\/a><\/p>\n<\/div>\n<\/div>\n","protected":false},"excerpt":{"rendered":"<p>Declaraci\u00f3n de Accesibilidad CERO METROS INGENIER\u00cdA S.L. se ha comprometido a hacer accesible su sitio web, de conformidad con el Real Decreto 1112\/2018, de 7 de septiembre, sobre accesibilidad de los sitios web y aplicaciones para dispositivos m\u00f3viles del sector p\u00fablico. Esta declaraci\u00f3n de accesibilidad se aplica al sitio web:https:\/\/c-solar.es\/ Este sitio web es plenamente &#8230; <a title=\"Declaraci\u00f3n de Accesibilidad\" class=\"read-more\" href=\"https:\/\/c-solar.es\/en\/declaracion-de-accesibilidad\/\" aria-label=\"Read more about Declaraci\u00f3n de Accesibilidad\">Read more<\/a><\/p>\n","protected":false},"author":1,"featured_media":0,"parent":0,"menu_order":0,"comment_status":"closed","ping_status":"closed","template":"","meta":{"_acf_changed":false,"_joinchat":[],"footnotes":""},"class_list":["post-50041","page","type-page","status-publish"],"acf":[],"_links":{"self":[{"href":"https:\/\/c-solar.es\/en\/wp-json\/wp\/v2\/pages\/50041","targetHints":{"allow":["GET"]}}],"collection":[{"href":"https:\/\/c-solar.es\/en\/wp-json\/wp\/v2\/pages"}],"about":[{"href":"https:\/\/c-solar.es\/en\/wp-json\/wp\/v2\/types\/page"}],"author":[{"embeddable":true,"href":"https:\/\/c-solar.es\/en\/wp-json\/wp\/v2\/users\/1"}],"replies":[{"embeddable":true,"href":"https:\/\/c-solar.es\/en\/wp-json\/wp\/v2\/comments?post=50041"}],"version-history":[{"count":6,"href":"https:\/\/c-solar.es\/en\/wp-json\/wp\/v2\/pages\/50041\/revisions"}],"predecessor-version":[{"id":50155,"href":"https:\/\/c-solar.es\/en\/wp-json\/wp\/v2\/pages\/50041\/revisions\/50155"}],"wp:attachment":[{"href":"https:\/\/c-solar.es\/en\/wp-json\/wp\/v2\/media?parent=50041"}],"curies":[{"name":"wp","href":"https:\/\/api.w.org\/{rel}","templated":true}]}}